{"id":10,"date":"2014-03-29T22:34:26","date_gmt":"2014-03-29T22:34:26","guid":{"rendered":"http:\/\/lacienciadelderecho.wordpress.com\/?page_id=1"},"modified":"2024-05-23T17:49:33","modified_gmt":"2024-05-23T17:49:33","slug":"about","status":"publish","type":"page","link":"https:\/\/mundanopedia.com\/es\/about\/","title":{"rendered":"Sobre Mundanopedia"},"content":{"rendered":"<div data-elementor-type=\"wp-page\" data-elementor-id=\"10\" class=\"elementor elementor-10\" data-elementor-post-type=\"page\">\n\t\t\t\t\t\t<section class=\"elementor-section elementor-top-section elementor-element elementor-element-294748e elementor-section-stretched elementor-section-boxed elementor-section-height-default elementor-section-height-default\" data-id=\"294748e\" data-element_type=\"section\" data-e-type=\"section\" data-settings=\"{&quot;stretch_section&quot;:&quot;section-stretched&quot;,&quot;background_background&quot;:&quot;classic&quot;}\">\n\t\t\t\t\t\t<div class=\"elementor-container elementor-column-gap-default\">\n\t\t\t\t\t<div class=\"elementor-column elementor-col-50 elementor-top-column elementor-element elementor-element-1b194f6\" data-id=\"1b194f6\" data-element_type=\"column\" data-e-type=\"column\">\n\t\t\t<div class=\"elementor-widget-wrap elementor-element-populated\">\n\t\t\t\t\t\t<div class=\"elementor-element elementor-element-06beed3 elementor-widget elementor-widget-spacer\" data-id=\"06beed3\" data-element_type=\"widget\" data-e-type=\"widget\" data-widget_type=\"spacer.default\">\n\t\t\t\t<div class=\"elementor-widget-container\">\n\t\t\t\t\t\t\t<div class=\"elementor-spacer\">\n\t\t\t<div class=\"elementor-spacer-inner\"><\/div>\n\t\t<\/div>\n\t\t\t\t\t\t<\/div>\n\t\t\t\t<\/div>\n\t\t\t\t<div class=\"elementor-element elementor-element-514da7b elementor-widget elementor-widget-heading\" data-id=\"514da7b\" data-element_type=\"widget\" data-e-type=\"widget\" data-widget_type=\"heading.default\">\n\t\t\t\t<div class=\"elementor-widget-container\">\n\t\t\t\t\t<h2 class=\"elementor-heading-title elementor-size-default\">Sobre Mundanopedia<\/h2>\t\t\t\t<\/div>\n\t\t\t\t<\/div>\n\t\t\t\t<div class=\"elementor-element elementor-element-bb77ce5 elementor-widget elementor-widget-spacer\" data-id=\"bb77ce5\" data-element_type=\"widget\" data-e-type=\"widget\" data-widget_type=\"spacer.default\">\n\t\t\t\t<div class=\"elementor-widget-container\">\n\t\t\t\t\t\t\t<div class=\"elementor-spacer\">\n\t\t\t<div class=\"elementor-spacer-inner\"><\/div>\n\t\t<\/div>\n\t\t\t\t\t\t<\/div>\n\t\t\t\t<\/div>\n\t\t\t\t<div class=\"elementor-element elementor-element-24354e9 elementor-widget elementor-widget-heading\" data-id=\"24354e9\" data-element_type=\"widget\" data-e-type=\"widget\" data-widget_type=\"heading.default\">\n\t\t\t\t<div class=\"elementor-widget-container\">\n\t\t\t\t\t<h3 class=\"elementor-heading-title elementor-size-default\">Econom\u00eda, gesti\u00f3n empresarial, teor\u00eda del derecho, contabilidad y aspectos m\u00e1s importantes para triunfar en el mundo moderno.<\/h3>\t\t\t\t<\/div>\n\t\t\t\t<\/div>\n\t\t\t\t\t<\/div>\n\t\t<\/div>\n\t\t\t\t<div class=\"elementor-column elementor-col-50 elementor-top-column elementor-element elementor-element-e820763\" data-id=\"e820763\" data-element_type=\"column\" data-e-type=\"column\">\n\t\t\t<div class=\"elementor-widget-wrap elementor-element-populated\">\n\t\t\t\t\t\t<div class=\"elementor-element elementor-element-4054de1 elementor-widget elementor-widget-image\" data-id=\"4054de1\" data-element_type=\"widget\" data-e-type=\"widget\" data-widget_type=\"image.default\">\n\t\t\t\t<div class=\"elementor-widget-container\">\n\t\t\t\t\t\t\t\t\t\t\t\t\t\t\t<img decoding=\"async\" width=\"768\" height=\"577\" src=\"https:\/\/mundanopedia.com\/wp-content\/uploads\/2022\/02\/Mundanopedia-people-768x577.png\" class=\"attachment-medium_large size-medium_large wp-image-2209\" alt=\"\" srcset=\"https:\/\/mundanopedia.com\/wp-content\/uploads\/2022\/02\/Mundanopedia-people-768x577.png 768w, https:\/\/mundanopedia.com\/wp-content\/uploads\/2022\/02\/Mundanopedia-people-300x225.png 300w, https:\/\/mundanopedia.com\/wp-content\/uploads\/2022\/02\/Mundanopedia-people-16x12.png 16w, https:\/\/mundanopedia.com\/wp-content\/uploads\/2022\/02\/Mundanopedia-people.png 950w\" sizes=\"(max-width: 768px) 100vw, 768px\" \/>\t\t\t\t\t\t\t\t\t\t\t\t\t\t\t<\/div>\n\t\t\t\t<\/div>\n\t\t\t\t\t<\/div>\n\t\t<\/div>\n\t\t\t\t\t<\/div>\n\t\t<\/section>\n\t\t\t\t<section class=\"elementor-section elementor-top-section elementor-element elementor-element-48bc122 elementor-hidden-desktop elementor-hidden-tablet elementor-section-boxed elementor-section-height-default elementor-section-height-default\" data-id=\"48bc122\" data-element_type=\"section\" data-e-type=\"section\">\n\t\t\t\t\t\t<div class=\"elementor-container elementor-column-gap-default\">\n\t\t\t\t\t<div class=\"elementor-column elementor-col-100 elementor-top-column elementor-element elementor-element-a9c67b5\" data-id=\"a9c67b5\" data-element_type=\"column\" data-e-type=\"column\">\n\t\t\t<div class=\"elementor-widget-wrap\">\n\t\t\t\t\t\t\t<\/div>\n\t\t<\/div>\n\t\t\t\t\t<\/div>\n\t\t<\/section>\n\t\t\t\t<section class=\"elementor-section elementor-top-section elementor-element elementor-element-56cfd70 elementor-section-stretched elementor-section-boxed elementor-section-height-default elementor-section-height-default\" data-id=\"56cfd70\" data-element_type=\"section\" data-e-type=\"section\" data-settings=\"{&quot;stretch_section&quot;:&quot;section-stretched&quot;,&quot;background_background&quot;:&quot;classic&quot;}\">\n\t\t\t\t\t\t<div class=\"elementor-container elementor-column-gap-default\">\n\t\t\t\t\t<div class=\"elementor-column elementor-col-100 elementor-top-column elementor-element elementor-element-7c3d625\" data-id=\"7c3d625\" data-element_type=\"column\" data-e-type=\"column\" data-settings=\"{&quot;background_background&quot;:&quot;classic&quot;}\">\n\t\t\t<div class=\"elementor-widget-wrap elementor-element-populated\">\n\t\t\t\t\t\t<div class=\"elementor-element elementor-element-34da4a3 elementor-widget elementor-widget-heading\" data-id=\"34da4a3\" data-element_type=\"widget\" data-e-type=\"widget\" data-widget_type=\"heading.default\">\n\t\t\t\t<div class=\"elementor-widget-container\">\n\t\t\t\t\t<h2 class=\"elementor-heading-title elementor-size-default\">Mundanopedia proporciona informaci\u00f3n detallada, concreta y f\u00e1cil de entender, basada en investigaciones acad\u00e9micas y fuentes confiables.<\/h2>\t\t\t\t<\/div>\n\t\t\t\t<\/div>\n\t\t\t\t\t<\/div>\n\t\t<\/div>\n\t\t\t\t\t<\/div>\n\t\t<\/section>\n\t\t\t\t<section class=\"elementor-section elementor-top-section elementor-element elementor-element-qcsepox elementor-section-content-middle elementor-hidden-tablet elementor-hidden-mobile elementor-section-boxed elementor-section-height-default elementor-section-height-default\" data-id=\"qcsepox\" data-element_type=\"section\" data-e-type=\"section\" data-settings=\"{&quot;background_background&quot;:&quot;classic&quot;}\">\n\t\t\t\t\t\t<div class=\"elementor-container elementor-column-gap-no\">\n\t\t\t\t\t<div class=\"elementor-column elementor-col-100 elementor-top-column elementor-element elementor-element-cd93d28\" data-id=\"cd93d28\" data-element_type=\"column\" data-e-type=\"column\">\n\t\t\t<div class=\"elementor-widget-wrap elementor-element-populated\">\n\t\t\t\t\t\t<div class=\"elementor-element elementor-element-aa6f5b1 elementor-widget elementor-widget-text-editor\" data-id=\"aa6f5b1\" data-element_type=\"widget\" data-e-type=\"widget\" data-widget_type=\"text-editor.default\">\n\t\t\t\t<div class=\"elementor-widget-container\">\n\t\t\t\t\t\t\t\t\t<p>Ponemos a disposici\u00f3n de todos informaci\u00f3n de calidad y veraz de fuentes verificadas haci\u00e9ndola accesible para todos.<\/p><p>Dado que los temas objeto de estudio son tan importantes para el desarrollo de la sociedad y el bienestar individual y colectivo, creemos que es necesario compartir estos recursos educativos a trav\u00e9s de la web.<\/p><h2><strong>Nuestro enfoque para la creaci\u00f3n de contenido<\/strong><\/h2><p>El equipo de Mundanopedia se compromete a brindar informaci\u00f3n precisa, confiable e imparcial.<\/p>\t\t\t\t\t\t\t\t<\/div>\n\t\t\t\t<\/div>\n\t\t\t\t\t<\/div>\n\t\t<\/div>\n\t\t\t\t\t<\/div>\n\t\t<\/section>\n\t\t\t\t<section class=\"elementor-section elementor-top-section elementor-element elementor-element-d0c6b6c elementor-section-boxed elementor-section-height-default elementor-section-height-default\" data-id=\"d0c6b6c\" data-element_type=\"section\" data-e-type=\"section\">\n\t\t\t\t\t\t<div class=\"elementor-container elementor-column-gap-default\">\n\t\t\t\t\t<div class=\"elementor-column elementor-col-33 elementor-top-column elementor-element elementor-element-dffa897\" data-id=\"dffa897\" data-element_type=\"column\" data-e-type=\"column\">\n\t\t\t<div class=\"elementor-widget-wrap\">\n\t\t\t\t\t\t\t<\/div>\n\t\t<\/div>\n\t\t\t\t<div class=\"elementor-column elementor-col-33 elementor-top-column elementor-element elementor-element-74b2d72\" data-id=\"74b2d72\" data-element_type=\"column\" data-e-type=\"column\">\n\t\t\t<div class=\"elementor-widget-wrap elementor-element-populated\">\n\t\t\t\t\t\t\t<\/div>\n\t\t<\/div>\n\t\t\t\t<div class=\"elementor-column elementor-col-33 elementor-top-column elementor-element elementor-element-b3bfe3d\" data-id=\"b3bfe3d\" data-element_type=\"column\" data-e-type=\"column\">\n\t\t\t<div class=\"elementor-widget-wrap\">\n\t\t\t\t\t\t\t<\/div>\n\t\t<\/div>\n\t\t\t\t\t<\/div>\n\t\t<\/section>\n\t\t\t\t<section class=\"elementor-section elementor-top-section elementor-element elementor-element-3246996 elementor-section-boxed elementor-section-height-default elementor-section-height-default\" data-id=\"3246996\" data-element_type=\"section\" data-e-type=\"section\">\n\t\t\t\t\t\t<div class=\"elementor-container elementor-column-gap-default\">\n\t\t\t\t\t<div class=\"elementor-column elementor-col-100 elementor-top-column elementor-element elementor-element-968cbef\" data-id=\"968cbef\" data-element_type=\"column\" data-e-type=\"column\">\n\t\t\t<div class=\"elementor-widget-wrap elementor-element-populated\">\n\t\t\t\t\t\t<div class=\"elementor-element elementor-element-9c142d7 elementor-align-right elementor-mobile-align-left elementor-widget elementor-widget-button\" data-id=\"9c142d7\" data-element_type=\"widget\" data-e-type=\"widget\" data-widget_type=\"button.default\">\n\t\t\t\t<div class=\"elementor-widget-container\">\n\t\t\t\t\t\t\t\t\t<div class=\"elementor-button-wrapper\">\n\t\t\t\t\t<a class=\"elementor-button elementor-button-link elementor-size-sm\" href=\"https:\/\/mundanopedia.com\/es\/privacy-policy\/\">\n\t\t\t\t\t\t<span class=\"elementor-button-content-wrapper\">\n\t\t\t\t\t\t\t\t\t<span class=\"elementor-button-text\">Pol\u00edtica de privacidad<\/span>\n\t\t\t\t\t<\/span>\n\t\t\t\t\t<\/a>\n\t\t\t\t<\/div>\n\t\t\t\t\t\t\t\t<\/div>\n\t\t\t\t<\/div>\n\t\t\t\t\t<\/div>\n\t\t<\/div>\n\t\t\t\t\t<\/div>\n\t\t<\/section>\n\t\t\t\t<section class=\"elementor-section elementor-top-section elementor-element elementor-element-14b2fd6 elementor-section-boxed elementor-section-height-default elementor-section-height-default\" data-id=\"14b2fd6\" data-element_type=\"section\" data-e-type=\"section\">\n\t\t\t\t\t\t<div class=\"elementor-container elementor-column-gap-default\">\n\t\t\t\t\t<div class=\"elementor-column elementor-col-50 elementor-top-column elementor-element elementor-element-683ede6\" data-id=\"683ede6\" data-element_type=\"column\" data-e-type=\"column\">\n\t\t\t<div class=\"elementor-widget-wrap elementor-element-populated\">\n\t\t\t\t\t\t<div class=\"elementor-element elementor-element-3dfc6ef elementor-widget elementor-widget-heading\" data-id=\"3dfc6ef\" data-element_type=\"widget\" data-e-type=\"widget\" data-widget_type=\"heading.default\">\n\t\t\t\t<div class=\"elementor-widget-container\">\n\t\t\t\t\t<h2 class=\"elementor-heading-title elementor-size-default\">Contacto<\/h2>\t\t\t\t<\/div>\n\t\t\t\t<\/div>\n\t\t\t\t<div class=\"elementor-element elementor-element-76e1cd3 elementor-widget elementor-widget-text-editor\" data-id=\"76e1cd3\" data-element_type=\"widget\" data-e-type=\"widget\" data-widget_type=\"text-editor.default\">\n\t\t\t\t<div class=\"elementor-widget-container\">\n\t\t\t\t\t\t\t\t\t<p>Contact@mundanopedia.com<\/p>\t\t\t\t\t\t\t\t<\/div>\n\t\t\t\t<\/div>\n\t\t\t\t\t<\/div>\n\t\t<\/div>\n\t\t\t\t<div class=\"elementor-column elementor-col-50 elementor-top-column elementor-element elementor-element-e399a84\" data-id=\"e399a84\" data-element_type=\"column\" data-e-type=\"column\">\n\t\t\t<div class=\"elementor-widget-wrap\">\n\t\t\t\t\t\t\t<\/div>\n\t\t<\/div>\n\t\t\t\t\t<\/div>\n\t\t<\/section>\n\t\t\t\t<\/div>","protected":false},"excerpt":{"rendered":"<p>About us Economics, business management , law theory, accountancy, and more important aspects to succeed in the modern world. Mundanopedia provides detailed, concrete, and easy-to-understand information, based on academic research and trusted sources. We make quality, truthful information from verified sources available to everyone making it accessible for everyone. As the topics under study are [&hellip;]<\/p>\n","protected":false},"author":2,"featured_media":0,"parent":0,"menu_order":0,"comment_status":"open","ping_status":"open","template":"elementor_header_footer","meta":{"site-sidebar-layout":"default","site-content-layout":"","ast-site-content-layout":"default","site-content-style":"default","site-sidebar-style":"default","ast-global-header-display":"","ast-banner-title-visibility":"","ast-main-header-display":"","ast-hfb-above-header-display":"","ast-hfb-below-header-display":"","ast-hfb-mobile-header-display":"","site-post-title":"","ast-breadcrumbs-content":"","ast-featured-img":"","footer-sml-layout":"","ast-disable-related-posts":"","theme-transparent-header-meta":"","adv-header-id-meta":"","stick-header-meta":"","header-above-stick-meta":"","header-main-stick-meta":"","header-below-stick-meta":"","astra-migrate-meta-layouts":"default","ast-page-background-enabled":"default","ast-page-background-meta":{"desktop":{"background-color":"var(--ast-global-color-4)","background-image":"","background-repeat":"repeat","background-position":"center center","background-size":"auto","background-attachment":"scroll","background-type":"","background-media":"","overlay-type":"","overlay-color":"","overlay-opacity":"","overlay-gradient":""},"tablet":{"background-color":"","background-image":"","background-repeat":"repeat","background-position":"center center","background-size":"auto","background-attachment":"scroll","background-type":"","background-media":"","overlay-type":"","overlay-color":"","overlay-opacity":"","overlay-gradient":""},"mobile":{"background-color":"","background-image":"","background-repeat":"repeat","background-position":"center center","background-size":"auto","background-attachment":"scroll","background-type":"","background-media":"","overlay-type":"","overlay-color":"","overlay-opacity":"","overlay-gradient":""}},"ast-content-background-meta":{"desktop":{"background-color":"var(--ast-global-color-5)","background-image":"","background-repeat":"repeat","background-position":"center center","background-size":"auto","background-attachment":"scroll","background-type":"","background-media":"","overlay-type":"","overlay-color":"","overlay-opacity":"","overlay-gradient":""},"tablet":{"background-color":"var(--ast-global-color-5)","background-image":"","background-repeat":"repeat","background-position":"center center","background-size":"auto","background-attachment":"scroll","background-type":"","background-media":"","overlay-type":"","overlay-color":"","overlay-opacity":"","overlay-gradient":""},"mobile":{"background-color":"var(--ast-global-color-5)","background-image":"","background-repeat":"repeat","background-position":"center center","background-size":"auto","background-attachment":"scroll","background-type":"","background-media":"","overlay-type":"","overlay-color":"","overlay-opacity":"","overlay-gradient":""}},"footnotes":""},"class_list":["post-10","page","type-page","status-publish","hentry"],"yoast_head":"<!-- This site is optimized with the Yoast SEO plugin v27.4 - https:\/\/yoast.com\/product\/yoast-seo-wordpress\/ -->\n<title>About - Mundanopedia<\/title>\n<meta name=\"robots\" content=\"index, follow, max-snippet:-1, max-image-preview:large, max-video-preview:-1\" \/>\n<link rel=\"canonical\" href=\"https:\/\/mundanopedia.com\/es\/about\/\" \/>\n<meta property=\"og:locale\" content=\"es_ES\" \/>\n<meta property=\"og:type\" content=\"article\" \/>\n<meta property=\"og:title\" content=\"About - Mundanopedia\" \/>\n<meta property=\"og:description\" content=\"About us Economics, business management , law theory, accountancy, and more important aspects to succeed in the modern world. Mundanopedia provides detailed, concrete, and easy-to-understand information, based on academic research and trusted sources. We make quality, truthful information from verified sources available to everyone making it accessible for everyone. As the topics under study are [&hellip;]\" \/>\n<meta property=\"og:url\" content=\"https:\/\/mundanopedia.com\/es\/about\/\" \/>\n<meta property=\"og:site_name\" content=\"Mundanopedia\" \/>\n<meta property=\"article:modified_time\" content=\"2024-05-23T17:49:33+00:00\" \/>\n<meta property=\"og:image\" content=\"https:\/\/mundanopedia.com\/wp-content\/uploads\/2022\/02\/Mundanopedia-people-768x577.png\" \/>\n<meta name=\"twitter:card\" content=\"summary_large_image\" \/>\n<meta name=\"twitter:label1\" content=\"Tiempo de lectura\" \/>\n\t<meta name=\"twitter:data1\" content=\"3 minutos\" \/>\n<script type=\"application\/ld+json\" class=\"yoast-schema-graph\">{\"@context\":\"https:\\\/\\\/schema.org\",\"@graph\":[{\"@type\":\"WebPage\",\"@id\":\"https:\\\/\\\/mundanopedia.com\\\/about\\\/\",\"url\":\"https:\\\/\\\/mundanopedia.com\\\/about\\\/\",\"name\":\"About - Mundanopedia\",\"isPartOf\":{\"@id\":\"https:\\\/\\\/mundanopedia.com\\\/#website\"},\"primaryImageOfPage\":{\"@id\":\"https:\\\/\\\/mundanopedia.com\\\/about\\\/#primaryimage\"},\"image\":{\"@id\":\"https:\\\/\\\/mundanopedia.com\\\/about\\\/#primaryimage\"},\"thumbnailUrl\":\"https:\\\/\\\/mundanopedia.com\\\/wp-content\\\/uploads\\\/2022\\\/02\\\/Mundanopedia-people-768x577.png\",\"datePublished\":\"2014-03-29T22:34:26+00:00\",\"dateModified\":\"2024-05-23T17:49:33+00:00\",\"breadcrumb\":{\"@id\":\"https:\\\/\\\/mundanopedia.com\\\/about\\\/#breadcrumb\"},\"inLanguage\":\"es\",\"potentialAction\":[{\"@type\":\"ReadAction\",\"target\":[\"https:\\\/\\\/mundanopedia.com\\\/about\\\/\"]}]},{\"@type\":\"ImageObject\",\"inLanguage\":\"es\",\"@id\":\"https:\\\/\\\/mundanopedia.com\\\/about\\\/#primaryimage\",\"url\":\"https:\\\/\\\/mundanopedia.com\\\/wp-content\\\/uploads\\\/2022\\\/02\\\/Mundanopedia-people-768x577.png\",\"contentUrl\":\"https:\\\/\\\/mundanopedia.com\\\/wp-content\\\/uploads\\\/2022\\\/02\\\/Mundanopedia-people-768x577.png\"},{\"@type\":\"BreadcrumbList\",\"@id\":\"https:\\\/\\\/mundanopedia.com\\\/about\\\/#breadcrumb\",\"itemListElement\":[{\"@type\":\"ListItem\",\"position\":1,\"name\":\"Home\",\"item\":\"https:\\\/\\\/mundanopedia.com\\\/\"},{\"@type\":\"ListItem\",\"position\":2,\"name\":\"About\"}]},{\"@type\":\"WebSite\",\"@id\":\"https:\\\/\\\/mundanopedia.com\\\/#website\",\"url\":\"https:\\\/\\\/mundanopedia.com\\\/\",\"name\":\"Mundanopedia\",\"description\":\"\",\"publisher\":{\"@id\":\"https:\\\/\\\/mundanopedia.com\\\/#organization\"},\"potentialAction\":[{\"@type\":\"SearchAction\",\"target\":{\"@type\":\"EntryPoint\",\"urlTemplate\":\"https:\\\/\\\/mundanopedia.com\\\/?s={search_term_string}\"},\"query-input\":{\"@type\":\"PropertyValueSpecification\",\"valueRequired\":true,\"valueName\":\"search_term_string\"}}],\"inLanguage\":\"es\"},{\"@type\":\"Organization\",\"@id\":\"https:\\\/\\\/mundanopedia.com\\\/#organization\",\"name\":\"Mundanopedia\",\"url\":\"https:\\\/\\\/mundanopedia.com\\\/\",\"logo\":{\"@type\":\"ImageObject\",\"inLanguage\":\"es\",\"@id\":\"https:\\\/\\\/mundanopedia.com\\\/#\\\/schema\\\/logo\\\/image\\\/\",\"url\":\"https:\\\/\\\/mundanopedia.com\\\/wp-content\\\/uploads\\\/2022\\\/02\\\/cropped-cropped-Mundanopedia-site-logo.png\",\"contentUrl\":\"https:\\\/\\\/mundanopedia.com\\\/wp-content\\\/uploads\\\/2022\\\/02\\\/cropped-cropped-Mundanopedia-site-logo.png\",\"width\":610,\"height\":145,\"caption\":\"Mundanopedia\"},\"image\":{\"@id\":\"https:\\\/\\\/mundanopedia.com\\\/#\\\/schema\\\/logo\\\/image\\\/\"}}]}<\/script>\n<!-- \/ Yoast SEO plugin. -->","yoast_head_json":{"title":"About - Mundanopedia","robots":{"index":"index","follow":"follow","max-snippet":"max-snippet:-1","max-image-preview":"max-image-preview:large","max-video-preview":"max-video-preview:-1"},"canonical":"https:\/\/mundanopedia.com\/es\/about\/","og_locale":"es_ES","og_type":"article","og_title":"About - Mundanopedia","og_description":"About us Economics, business management , law theory, accountancy, and more important aspects to succeed in the modern world. Mundanopedia provides detailed, concrete, and easy-to-understand information, based on academic research and trusted sources. We make quality, truthful information from verified sources available to everyone making it accessible for everyone. As the topics under study are [&hellip;]","og_url":"https:\/\/mundanopedia.com\/es\/about\/","og_site_name":"Mundanopedia","article_modified_time":"2024-05-23T17:49:33+00:00","og_image":[{"url":"https:\/\/mundanopedia.com\/wp-content\/uploads\/2022\/02\/Mundanopedia-people-768x577.png","type":"","width":"","height":""}],"twitter_card":"summary_large_image","twitter_misc":{"Tiempo de lectura":"3 minutos"},"schema":{"@context":"https:\/\/schema.org","@graph":[{"@type":"WebPage","@id":"https:\/\/mundanopedia.com\/about\/","url":"https:\/\/mundanopedia.com\/about\/","name":"About - Mundanopedia","isPartOf":{"@id":"https:\/\/mundanopedia.com\/#website"},"primaryImageOfPage":{"@id":"https:\/\/mundanopedia.com\/about\/#primaryimage"},"image":{"@id":"https:\/\/mundanopedia.com\/about\/#primaryimage"},"thumbnailUrl":"https:\/\/mundanopedia.com\/wp-content\/uploads\/2022\/02\/Mundanopedia-people-768x577.png","datePublished":"2014-03-29T22:34:26+00:00","dateModified":"2024-05-23T17:49:33+00:00","breadcrumb":{"@id":"https:\/\/mundanopedia.com\/about\/#breadcrumb"},"inLanguage":"es","potentialAction":[{"@type":"ReadAction","target":["https:\/\/mundanopedia.com\/about\/"]}]},{"@type":"ImageObject","inLanguage":"es","@id":"https:\/\/mundanopedia.com\/about\/#primaryimage","url":"https:\/\/mundanopedia.com\/wp-content\/uploads\/2022\/02\/Mundanopedia-people-768x577.png","contentUrl":"https:\/\/mundanopedia.com\/wp-content\/uploads\/2022\/02\/Mundanopedia-people-768x577.png"},{"@type":"BreadcrumbList","@id":"https:\/\/mundanopedia.com\/about\/#breadcrumb","itemListElement":[{"@type":"ListItem","position":1,"name":"Home","item":"https:\/\/mundanopedia.com\/"},{"@type":"ListItem","position":2,"name":"About"}]},{"@type":"WebSite","@id":"https:\/\/mundanopedia.com\/#website","url":"https:\/\/mundanopedia.com\/","name":"Mundanopedia","description":"","publisher":{"@id":"https:\/\/mundanopedia.com\/#organization"},"potentialAction":[{"@type":"SearchAction","target":{"@type":"EntryPoint","urlTemplate":"https:\/\/mundanopedia.com\/?s={search_term_string}"},"query-input":{"@type":"PropertyValueSpecification","valueRequired":true,"valueName":"search_term_string"}}],"inLanguage":"es"},{"@type":"Organization","@id":"https:\/\/mundanopedia.com\/#organization","name":"Mundanopedia","url":"https:\/\/mundanopedia.com\/","logo":{"@type":"ImageObject","inLanguage":"es","@id":"https:\/\/mundanopedia.com\/#\/schema\/logo\/image\/","url":"https:\/\/mundanopedia.com\/wp-content\/uploads\/2022\/02\/cropped-cropped-Mundanopedia-site-logo.png","contentUrl":"https:\/\/mundanopedia.com\/wp-content\/uploads\/2022\/02\/cropped-cropped-Mundanopedia-site-logo.png","width":610,"height":145,"caption":"Mundanopedia"},"image":{"@id":"https:\/\/mundanopedia.com\/#\/schema\/logo\/image\/"}}]}},"_links":{"self":[{"href":"https:\/\/mundanopedia.com\/es\/wp-json\/wp\/v2\/pages\/10","targetHints":{"allow":["GET"]}}],"collection":[{"href":"https:\/\/mundanopedia.com\/es\/wp-json\/wp\/v2\/pages"}],"about":[{"href":"https:\/\/mundanopedia.com\/es\/wp-json\/wp\/v2\/types\/page"}],"author":[{"embeddable":true,"href":"https:\/\/mundanopedia.com\/es\/wp-json\/wp\/v2\/users\/2"}],"replies":[{"embeddable":true,"href":"https:\/\/mundanopedia.com\/es\/wp-json\/wp\/v2\/comments?post=10"}],"version-history":[{"count":5,"href":"https:\/\/mundanopedia.com\/es\/wp-json\/wp\/v2\/pages\/10\/revisions"}],"predecessor-version":[{"id":6873,"href":"https:\/\/mundanopedia.com\/es\/wp-json\/wp\/v2\/pages\/10\/revisions\/6873"}],"wp:attachment":[{"href":"https:\/\/mundanopedia.com\/es\/wp-json\/wp\/v2\/media?parent=10"}],"curies":[{"name":"wp","href":"https:\/\/api.w.org\/{rel}","templated":true}]}}